{"id":376,"date":"2024-01-25T13:09:04","date_gmt":"2024-01-25T13:09:04","guid":{"rendered":"https:\/\/adaliagestio.cat\/actualidad\/"},"modified":"2024-02-12T12:36:36","modified_gmt":"2024-02-12T12:36:36","slug":"actualidad","status":"publish","type":"page","link":"https:\/\/adaliagestio.cat\/es\/actualidad\/","title":{"rendered":"Actualidad"},"content":{"rendered":"\t\t<div data-elementor-type=\"wp-page\" data-elementor-id=\"376\" class=\"elementor elementor-376 elementor-12\" data-elementor-post-type=\"page\">\n\t\t\t\t<div class=\"elementor-element elementor-element-59a6b47 e-flex e-con-boxed e-con e-parent\" data-id=\"59a6b47\" data-element_type=\"container\">\n\t\t\t\t\t<div class=\"e-con-inner\">\n\t\t\t\t<div class=\"elementor-element elementor-element-015ff37 elementor-widget elementor-widget-heading\" data-id=\"015ff37\" data-element_type=\"widget\" data-widget_type=\"heading.default\">\n\t\t\t\t<div class=\"elementor-widget-container\">\n\t\t\t\t\t<h2 class=\"elementor-heading-title elementor-size-default\">Actualidad<\/h2>\t\t\t\t<\/div>\n\t\t\t\t<\/div>\n\t\t\t\t<div class=\"elementor-element elementor-element-aa8121d elementor-widget-divider--view-line elementor-widget elementor-widget-divider\" data-id=\"aa8121d\" data-element_type=\"widget\" data-widget_type=\"divider.default\">\n\t\t\t\t<div class=\"elementor-widget-container\">\n\t\t\t\t\t\t\t<div class=\"elementor-divider\">\n\t\t\t<span class=\"elementor-divider-separator\">\n\t\t\t\t\t\t<\/span>\n\t\t<\/div>\n\t\t\t\t\t\t<\/div>\n\t\t\t\t<\/div>\n\t\t\t\t<div class=\"elementor-element elementor-element-385d614 elementor-grid-3 elementor-grid-tablet-2 elementor-grid-mobile-1 elementor-posts--thumbnail-top elementor-posts--show-avatar elementor-card-shadow-yes elementor-posts__hover-gradient elementor-widget elementor-widget-posts\" data-id=\"385d614\" data-element_type=\"widget\" data-settings=\"{&quot;cards_columns&quot;:&quot;3&quot;,&quot;cards_columns_tablet&quot;:&quot;2&quot;,&quot;cards_columns_mobile&quot;:&quot;1&quot;,&quot;cards_row_gap&quot;:{&quot;unit&quot;:&quot;px&quot;,&quot;size&quot;:35,&quot;sizes&quot;:[]},&quot;cards_row_gap_tablet&quot;:{&quot;unit&quot;:&quot;px&quot;,&quot;size&quot;:&quot;&quot;,&quot;sizes&quot;:[]},&quot;cards_row_gap_mobile&quot;:{&quot;unit&quot;:&quot;px&quot;,&quot;size&quot;:&quot;&quot;,&quot;sizes&quot;:[]}}\" data-widget_type=\"posts.cards\">\n\t\t\t\t<div class=\"elementor-widget-container\">\n\t\t\t\t\t\t\t<div class=\"elementor-posts-container elementor-posts elementor-posts--skin-cards elementor-grid\" role=\"list\">\n\t\t\t\t<article class=\"elementor-post elementor-grid-item post-364 post type-post status-publish format-standard has-post-thumbnail hentry category-sin-categorizar\" role=\"listitem\">\n\t\t\t<div class=\"elementor-post__card\">\n\t\t\t\t<a class=\"elementor-post__thumbnail__link\" href=\"https:\/\/adaliagestio.cat\/es\/adalia-gestio-realiza-planes-de-gestion-ecologica-de-los-espacios-verde-de-dos-municipios-de-cataluna\/\" tabindex=\"-1\" ><div class=\"elementor-post__thumbnail\"><img fetchpriority=\"high\" decoding=\"async\" width=\"300\" height=\"182\" src=\"https:\/\/adaliagestio.cat\/wp-content\/uploads\/2024\/01\/krzysztof-niewolny-c3RWaj8L3M8-unsplash-1-300x182.jpg\" class=\"attachment-medium size-medium wp-image-316\" alt=\"\" srcset=\"https:\/\/adaliagestio.cat\/wp-content\/uploads\/2024\/01\/krzysztof-niewolny-c3RWaj8L3M8-unsplash-1-300x182.jpg 300w, https:\/\/adaliagestio.cat\/wp-content\/uploads\/2024\/01\/krzysztof-niewolny-c3RWaj8L3M8-unsplash-1-1024x622.jpg 1024w, https:\/\/adaliagestio.cat\/wp-content\/uploads\/2024\/01\/krzysztof-niewolny-c3RWaj8L3M8-unsplash-1-768x466.jpg 768w, https:\/\/adaliagestio.cat\/wp-content\/uploads\/2024\/01\/krzysztof-niewolny-c3RWaj8L3M8-unsplash-1-1536x933.jpg 1536w, https:\/\/adaliagestio.cat\/wp-content\/uploads\/2024\/01\/krzysztof-niewolny-c3RWaj8L3M8-unsplash-1-2048x1244.jpg 2048w\" sizes=\"(max-width: 300px) 100vw, 300px\" \/><\/div><\/a>\n\t\t\t\t<div class=\"elementor-post__badge\">Sin categorizar<\/div>\n\t\t\t\t<div class=\"elementor-post__avatar\">\n\t\t\t<img alt='admin' src='https:\/\/secure.gravatar.com\/avatar\/5e62802f85d8edd043a5b7650388d0101a886879d9ac3f8804c68fe22389a9b0?s=128&#038;d=mm&#038;r=g' srcset='https:\/\/secure.gravatar.com\/avatar\/5e62802f85d8edd043a5b7650388d0101a886879d9ac3f8804c68fe22389a9b0?s=256&#038;d=mm&#038;r=g 2x' class='avatar avatar-128 photo' height='128' width='128' \/>\t\t<\/div>\n\t\t\t\t<div class=\"elementor-post__text\">\n\t\t\t\t<h3 class=\"elementor-post__title\">\n\t\t\t<a href=\"https:\/\/adaliagestio.cat\/es\/adalia-gestio-realiza-planes-de-gestion-ecologica-de-los-espacios-verde-de-dos-municipios-de-cataluna\/\" >\n\t\t\t\tAdalia Gesti\u00f3 realiza planes de Gesti\u00f3n Ecol\u00f3gica de los Espacios Verde de dos Municipios de Catalu\u00f1a\t\t\t<\/a>\n\t\t<\/h3>\n\t\t\t\t<div class=\"elementor-post__excerpt\">\n\t\t\t<p>Desde Adalia Gesti\u00f3n Integrada de Plagas somos conscientes del momento en que vive la sociedad. La emergencia clim\u00e1tica es un hecho y desde la ciudadan\u00eda se exigen soluciones. La transici\u00f3n ecol\u00f3gica es imprescindible y debe llevarse a cabo lo antes posible. Es evidente que toda la sociedad debe implicarse, ya<\/p>\n\t\t<\/div>\n\t\t\n\t\t<a class=\"elementor-post__read-more\" href=\"https:\/\/adaliagestio.cat\/es\/adalia-gestio-realiza-planes-de-gestion-ecologica-de-los-espacios-verde-de-dos-municipios-de-cataluna\/\" aria-label=\"Read more about Adalia Gesti\u00f3 realiza planes de Gesti\u00f3n Ecol\u00f3gica de los Espacios Verde de dos Municipios de Catalu\u00f1a\" tabindex=\"-1\" >\n\t\t\tLeer m\u00e1s\t\t<\/a>\n\n\t\t\t\t<\/div>\n\t\t\t\t<div class=\"elementor-post__meta-data\">\n\t\t\t\t\t<span class=\"elementor-post-date\">\n\t\t\tenero 25, 2024\t\t<\/span>\n\t\t\t\t<span class=\"elementor-post-avatar\">\n\t\t\tNo hay comentarios\t\t<\/span>\n\t\t\t\t<\/div>\n\t\t\t\t\t<\/div>\n\t\t<\/article>\n\t\t\t\t<\/div>\n\t\t\n\t\t\t\t\t\t<\/div>\n\t\t\t\t<\/div>\n\t\t\t\t\t<\/div>\n\t\t\t\t<\/div>\n\t\t\t\t<\/div>\n\t\t","protected":false},"excerpt":{"rendered":"<p>Actualidad<\/p>\n","protected":false},"author":1,"featured_media":0,"parent":0,"menu_order":0,"comment_status":"closed","ping_status":"closed","template":"","meta":{"footnotes":""},"class_list":["post-376","page","type-page","status-publish","hentry"],"acf":[],"_links":{"self":[{"href":"https:\/\/adaliagestio.cat\/es\/wp-json\/wp\/v2\/pages\/376","targetHints":{"allow":["GET"]}}],"collection":[{"href":"https:\/\/adaliagestio.cat\/es\/wp-json\/wp\/v2\/pages"}],"about":[{"href":"https:\/\/adaliagestio.cat\/es\/wp-json\/wp\/v2\/types\/page"}],"author":[{"embeddable":true,"href":"https:\/\/adaliagestio.cat\/es\/wp-json\/wp\/v2\/users\/1"}],"replies":[{"embeddable":true,"href":"https:\/\/adaliagestio.cat\/es\/wp-json\/wp\/v2\/comments?post=376"}],"version-history":[{"count":1,"href":"https:\/\/adaliagestio.cat\/es\/wp-json\/wp\/v2\/pages\/376\/revisions"}],"predecessor-version":[{"id":377,"href":"https:\/\/adaliagestio.cat\/es\/wp-json\/wp\/v2\/pages\/376\/revisions\/377"}],"wp:attachment":[{"href":"https:\/\/adaliagestio.cat\/es\/wp-json\/wp\/v2\/media?parent=376"}],"curies":[{"name":"wp","href":"https:\/\/api.w.org\/{rel}","templated":true}]}}